{"id":61,"date":"2022-01-04T01:06:33","date_gmt":"2022-01-04T01:06:33","guid":{"rendered":"https:\/\/rolnet.mx\/?page_id=61"},"modified":"2022-02-09T23:54:56","modified_gmt":"2022-02-09T23:54:56","slug":"aviso-de-privacidad","status":"publish","type":"page","link":"https:\/\/rolnet.mx\/index.php\/aviso-de-privacidad\/","title":{"rendered":"Aviso de Privacidad"},"content":{"rendered":"<p>[et_pb_section fb_built=&#8221;1&#8243; _builder_version=&#8221;4.14.4&#8243; _module_preset=&#8221;default&#8221; global_colors_info=&#8221;{}&#8221;][et_pb_row column_structure=&#8221;1_4,3_4&#8243; _builder_version=&#8221;4.14.4&#8243; _module_preset=&#8221;default&#8221; global_colors_info=&#8221;{}&#8221;][et_pb_column type=&#8221;1_4&#8243; _builder_version=&#8221;4.14.4&#8243; _module_preset=&#8221;default&#8221; global_colors_info=&#8221;{}&#8221;][et_pb_text _builder_version=&#8221;4.14.4&#8243; _module_preset=&#8221;default&#8221; text_font_size=&#8221;17px&#8221; header_line_height=&#8221;1.7em&#8221; global_colors_info=&#8221;{}&#8221;]<\/p>\n<h1 class=\"font_2\"><strong>AVISO DE PRIVACIDAD<\/strong><\/h1>\n<p>[\/et_pb_text][\/et_pb_column][et_pb_column type=&#8221;3_4&#8243; _builder_version=&#8221;4.14.4&#8243; _module_preset=&#8221;default&#8221; global_colors_info=&#8221;{}&#8221;][et_pb_text _builder_version=&#8221;4.14.4&#8243; _module_preset=&#8221;default&#8221; global_colors_info=&#8221;{}&#8221;]<\/p>\n<div id=\"bgLayers_comp-jxkgb48t\" data-hook=\"bgLayers\" class=\"_3wnIc\">\n<div id=\"bgMedia_comp-jxkgb48t\" class=\"_2GUhU\">\n<p class=\"font_8\"><span class=\"color_11\">En cumplimiento a lo dispuesto por la Ley Federal de Protecci\u00f3n a los Datos Personales en Posesi\u00f3n de Particulares (LFPDPPP) y su reglamento vigente; mediante este Aviso de Privacidad, Rolnet S.A. de C.V. \u00a0(Rolnet) con domicilio en calle La Tilma #294 Colonia Chapalita Sur de la ciudad de Zapopan, Estado de Jalisco, C\u00f3digo Postal 45040, como Responsable de recabar sus datos personales, se compromete a asegurar la confidencialidad de la informaci\u00f3n que se le proporcione, la forma de c\u00f3mo se utiliza, el tratamiento que se le d\u00e9 a los datos que est\u00e9n en su posesi\u00f3n, del uso que se le d\u00e9 a los mismos, la forma en que se transfiere dicha informaci\u00f3n y de su protecci\u00f3n (Derechos ARCO).<\/span><\/p>\n<p class=\"font_8\">\n<p class=\"font_8\"><span class=\"color_11\">A continuaci\u00f3n, Rolnet, le expondr\u00e1 brevemente los principios que rigen sus pol\u00edticas de privacidad y confidencialidad para la informaci\u00f3n proporcionada por los usuarios de sus servicios\/ productos.<\/span><\/p>\n<p class=\"font_8\">\u00a0<\/p>\n<ol class=\"font_8 color_11\">\n<li>\n<p class=\"font_8\"><span class=\"color_11\">Informaci\u00f3n que recabamos.<\/span><\/p>\n<\/li>\n<\/ol>\n<p class=\"font_8\">\n<p class=\"font_8\"><span class=\"color_11\">Si usted es prospecto de cliente y\/o cliente, los datos personales que Usted voluntariamente<\/span><\/p>\n<p class=\"font_8\"><span class=\"color_11\">proporciona a Rolnet, a trav\u00e9s de sus diferentes medios (tel\u00e9fono, v\u00eda electr\u00f3nica, web, personalmente) son de los siguientes:<\/span><\/p>\n<p class=\"font_8\">\n<ul class=\"font_8 color_11\">\n<li>\n<p class=\"font_8\"><span class=\"color_11\">Datos de identificaci\u00f3n: nombre completo de persona f\u00edsica o Nombre Fiscal de la empresa como persona moral seg\u00fan sea el caso, identificaci\u00f3n oficial con fotograf\u00eda, Nombre comercial de la empresa, Registro Federal de Causantes (R.F.C.), giro de la empresa, nombre del propietario o apoderado legal, director, gerente y\/o administrador, datos de personas autorizadas para compra, recibir informaci\u00f3n o mercanc\u00eda, as\u00ed mismo y de manera extraordinaria, su informaci\u00f3n personal podr\u00e1 ser compartida con firmas legales, cuando as\u00ed se necesario.<\/span><\/p>\n<\/li>\n<li>\n<p class=\"font_8\"><span class=\"color_11\">Datos de contacto. Tel\u00e9fonos, correo electr\u00f3nico, direcci\u00f3n de facturaci\u00f3n y direcci\u00f3n de env\u00edo de pedido (en caso de que aplique).<\/span><\/p>\n<\/li>\n<li>\n<p class=\"font_8\"><span class=\"color_11\">Datos patrimoniales y financieros: Cuenta Bancaria, Clabe, Estados de cuentas bancarios, Estados Financieros, Acta Constitutiva, Poder Simple o Notariado.<\/span><\/p>\n<\/li>\n<li>\n<p class=\"font_8\"><span class=\"color_11\">No solicitamos datos sensibles.<\/span><\/p>\n<\/li>\n<li>\n<p class=\"font_8\"><span class=\"color_11\">La informaci\u00f3n Personal Infantil es extremadamente delicada, por lo que Rolnet NO solicita informaci\u00f3n de identificaci\u00f3n personal a los menores de edad.<\/span><\/p>\n<\/li>\n<li>\n<p class=\"font_8\"><span class=\"color_11\">Datos personales de terceros. Usted deber\u00e1 contar previamente con el consentimiento del titular de los datos personales de terceros que nos proporciona en relaci\u00f3n a los productos o servicios que Rolnet ofrece, incluyendo sin ser limitativo: c\u00f3nyuge, concubina (o), dependientes econ\u00f3micos, avales, obligados solidarios, referencias personales. Usted tambi\u00e9n est\u00e1 obligado a informarles a dichos terceros el sitio en donde podr\u00e1 conocer el presente Aviso de Privacidad, en el entendido de que dichos se regir\u00e1n por el presente.<\/span><\/p>\n<\/li>\n<li>\n<p class=\"font_8\"><span class=\"color_11\">Cuando se nos proporcionen sus datos personales de manera indirecta, Usted contar\u00e1 con un plazo de 5 (cinco) d\u00edas h\u00e1biles para que, de ser el caso, manifieste su negativa para el tratamiento de sus datos personales para los prop\u00f3sitos mencionados en el inciso b) de este documento. Si no lo hace, se entender\u00e1 que est\u00e1 consciente del tratamiento de su informaci\u00f3n personal para dichos objetivos, sin perjuicio de que posteriormente Usted decidiera ejercer sus derechos de revocaci\u00f3n y oposici\u00f3n de la forma se\u00f1alada en los incisos c) y d) de este documento.<\/span><\/p>\n<\/li>\n<\/ul>\n<p class=\"font_8\">\n<p class=\"font_8\"><span class=\"color_11\">Usted declara que los datos que proporciona a Rolnet son ver\u00eddicos, completos y exactos,<\/span><\/p>\n<p class=\"font_8\"><span class=\"color_11\">cualquier dato falso, incompleto o inexacto ser\u00e1 de su exclusiva responsabilidad.<\/span><\/p>\n<p class=\"font_8\">\n<p class=\"font_8\"><span class=\"color_11\">El equipo de colaboradores de Rolnet ha enfocado sus esfuerzos para ofrecer la tecnolog\u00eda m\u00e1s moderna y actualizada a fin de ofrecerle la mayor seguridad posible.<\/span><\/p>\n<p class=\"font_8\">\u00a0<\/p>\n<p class=\"font_8\"><span class=\"color_11\">b) Los datos recabados arriba mencionados tienen los siguientes prop\u00f3sitos:<\/span><\/p>\n<p class=\"font_8\">\n<ul class=\"font_8 color_11\">\n<li>\n<p class=\"font_8\"><span class=\"color_11\">Cotizaci\u00f3n de productos y\/o servicios.<\/span><\/p>\n<\/li>\n<li>\n<p class=\"font_8\"><span class=\"color_11\">Para confirmar \u00f3rdenes de compra o solicitudes de servicio.<\/span><\/p>\n<\/li>\n<\/ul>\n<ul class=\"font_8 color_11\">\n<li>\n<p class=\"font_8\"><span class=\"color_11\">Proveer servicios y\/o productos solicitados.<\/span><\/p>\n<\/li>\n<li>\n<p class=\"font_8\"><span class=\"color_11\">Env\u00edo y\/o entrega de productos<\/span><\/p>\n<\/li>\n<li>\n<p class=\"font_8\"><span class=\"color_11\">Ofrecerle promociones, ofertas o capacitaci\u00f3n.<\/span><\/p>\n<\/li>\n<li>\n<p class=\"font_8\"><span class=\"color_11\">Brindarle informaci\u00f3n sobre cambios de productos y sus actualizaciones, novedades tecnol\u00f3gicas.<\/span><\/p>\n<\/li>\n<li>\n<p class=\"font_8\"><span class=\"color_11\">Realizar las gestiones de cobranza relacionada con pagos de los productos y\/o servicios contratados.<\/span><\/p>\n<\/li>\n<li>\n<p class=\"font_8\"><span class=\"color_11\">Para el proceso de aprobaci\u00f3n de cr\u00e9dito \u00a0y\/o el otorgamiento del mismo con base a las pol\u00edticas internas de la empresa para el otorgamiento de cr\u00e9ditos.<\/span><\/p>\n<\/li>\n<li>\n<p class=\"font_8\"><span class=\"color_11\">Llevar a cabo las actividades necesarias para el desarrollo y cumplimiento de las obligaciones Fiscales que se originen y deriven de la relaci\u00f3n contractual y\/o comercial incluyendo Facturaci\u00f3n.<\/span><\/p>\n<\/li>\n<li>\n<p class=\"font_8\"><span class=\"color_11\">Con el fin de obtener su evaluaci\u00f3n de la calidad de los servicios y\/o productos que le proporcionamos, recibir sus quejas y sugerencias.<\/span><\/p>\n<\/li>\n<li>\n<p class=\"font_8\"><span class=\"color_11\">Dar cumplimiento a los requerimientos que nos sean presentados por las Sociedades de Informaci\u00f3n Crediticia (Bur\u00f3 de Cr\u00e9dito);<\/span><\/p>\n<\/li>\n<li>\n<p class=\"font_8\"><span class=\"color_11\">Actualizar los registros y programas de sistemas de Rolnet, \ufb01liales y\/o subsidiarias;<\/span><\/p>\n<\/li>\n<li>\n<p class=\"font_8\"><span class=\"color_11\">Utilizarlos en los casos de fusi\u00f3n, escisi\u00f3n o adquisici\u00f3n de Rolnet, \ufb01liales y\/o subsidiarias;<\/span><\/p>\n<\/li>\n<li>\n<p class=\"font_8\"><span class=\"color_11\">Dar cumplimiento a los requerimientos hechos por las autoridades, cuando sea necesario para salvaguardar el inter\u00e9s p\u00fablico, la procuraci\u00f3n o administraci\u00f3n de justicia;<\/span><\/p>\n<\/li>\n<li>\n<p class=\"font_8\"><span class=\"color_11\">Utilizarlos para cesi\u00f3n o descuento de cartera crediticia.<\/span><\/p>\n<\/li>\n<\/ul>\n<p class=\"font_8\">\u00a0<\/p>\n<p class=\"font_8\"><span class=\"color_11\">c) Transferencia de Datos<\/span><\/p>\n<p class=\"font_8\">\n<ul class=\"font_8 color_11\">\n<li>\n<p class=\"font_8\"><span class=\"color_11\">Rolnet no compartir\u00e1 la informaci\u00f3n confidencial con terceras partes, excepto que tenga expresa autorizaci\u00f3n del titular de \u00a0los datos y\/o representante legal, para tr\u00e1mites de licenciamiento de software con el fabricante o mayorista en casos necesarios, o cuando haya sido requerido por orden judicial para cumplir con las disposiciones procesales.<\/span><\/p>\n<\/li>\n<\/ul>\n<p class=\"font_8\">\n<ul class=\"font_8 color_11\">\n<li>\n<p class=\"font_8\"><span class=\"color_11\">Si los datos personales del usuario debieran ser compartidos con terceros, el usuario ser\u00e1 notificado antes que \u00e9stos sean transferidos. Rolnet podr\u00e1 compartir su informaci\u00f3n con uno o varios terceros; en virtud de que algunas actividades relacionadas con nuestros productos y servicios no son realizadas directamente por Rolnet, sino que se contratan los servicios de proveedores externos para apoyar las actividades de comercializaci\u00f3n y servicio; as\u00ed como, para fines de verificaci\u00f3n de que la informaci\u00f3n que usted nos proporciona es correcta y actual, quienes llevan a cabo el tratamiento de los datos personales y la comercializaci\u00f3n de ciertos productos y servicios, los cuales deber\u00e1n actuar con apego a las medidas ya establecidas para continuar garantizando el buen uso, la protecci\u00f3n y la con\ufb01dencialidad de los datos personales.Si el usuario no desea que sus datos sean compartidos, puede decidir no utilizar un servicio determinado<\/span><\/p>\n<\/li>\n<\/ul>\n<p class=\"font_8\">\n<ul class=\"font_8 color_11\">\n<li>\n<p class=\"font_8\"><span class=\"color_11\">Cualquier transferencia de datos personales, ser\u00e1 \u00fanicamente para los fines permitidos por las leyes y los receptores de los datos personales, est\u00e1n obligados a observar el presente documento.<\/span><\/p>\n<\/li>\n<\/ul>\n<p class=\"font_8\">\n<ul class=\"font_8 color_11\">\n<li>\n<p class=\"font_8\"><span class=\"color_11\">Entenderemos que Usted ha otorgado su consentimiento para el tratamiento y transferencia de sus datos personales de conformidad con el presente Aviso de Privacidad si usted no manifiesta su oposici\u00f3n a trav\u00e9s de los medios que se ponen a su disposici\u00f3n y hacen de su conocimiento m\u00e1s adelante en \u00e9ste Aviso de Privacidad.<\/span><\/p>\n<\/li>\n<\/ul>\n<p class=\"font_8\">\n<ul class=\"font_8 color_11\">\n<li>\n<p class=\"font_8\"><span class=\"color_11\">Rolnet no asume ninguna obligaci\u00f3n de mantener confidencial cualquier otra informaci\u00f3n que el usuario proporcione, incluyendo aquella informaci\u00f3n que el usuario proporcione a trav\u00e9s de boletines y pl\u00e1ticas en l\u00ednea (chats).<\/span><\/p>\n<\/li>\n<\/ul>\n<p class=\"font_8\">\u00a0<\/p>\n<p class=\"font_8\"><span class=\"color_11\">d) Protecci\u00f3n de datos y medidas de seguridad<\/span><\/p>\n<p class=\"font_8\">\n<ul class=\"font_8 color_11\">\n<li>\n<p class=\"font_8\"><span class=\"color_11\">Rolnet, como responsable del tratamiento de la informaci\u00f3n de las personas f\u00edsicas y morales ha establecido para el manejo de la misma, todas las medidas de seguridad administrativas, t\u00e9cnicas y f\u00edsicas necesarias para cumplir con las disposiciones normativas y con las pol\u00edticas internas de la Empresa.<\/span><\/p>\n<\/li>\n<\/ul>\n<p class=\"font_8\">\n<ul class=\"font_8 color_11\">\n<li>\n<p class=\"font_8\"><span class=\"color_11\">La informaci\u00f3n permanece en nuestra posesi\u00f3n \u00fanicamente el tiempo necesario para cumplir con las obligaciones derivadas de la relaci\u00f3n profesional o comercial que tengamos para posteriormente ser eliminada de nuestros sistemas de c\u00f3mputo y dispositivos de almacenamiento.<\/span><\/p>\n<\/li>\n<\/ul>\n<p class=\"font_8\">\n<ul class=\"font_8 color_11\">\n<li>\n<p class=\"font_8\"><span class=\"color_11\">Si deseas establecer un tratamiento adicional al antes mencionado, puedes acudir a nuestro domicilio, en caso contrario se entiende otorgado tu consentimiento por el uso de los productos o servicios contratados con Rolnet.<\/span><\/p>\n<\/li>\n<\/ul>\n<p class=\"font_8\">\n<ul class=\"font_8 color_11\">\n<li>\n<p class=\"font_8\"><span class=\"color_11\">Fuera de los casos mencionados dentro de las \ufb01nalidades con las que se justi\ufb01ca el uso de informaci\u00f3n personal y de las excepciones establecidas en las disposiciones normativas cuando se pretenda realizar alguna transferencia de datos personales a terceros, ya sean nacionales o extranjeros, se deber\u00e1 hacer saber a los titulares de la informaci\u00f3n, la raz\u00f3n para dicha actividad.<\/span><\/p>\n<\/li>\n<\/ul>\n<p class=\"font_8\">\u00a0<\/p>\n<p class=\"font_8\"><span class=\"color_11\">e) Derechos ARCO<\/span><\/p>\n<p class=\"font_8\">\n<p class=\"font_8\"><span class=\"color_11\">Los titulares de datos personales podr\u00e1n ejercer sus derechos ARCO (Acceso, Rectificaci\u00f3n, Cancelaci\u00f3n y Oposici\u00f3n al tratamiento de sus datos personales) o bien, revocar el consentimiento para el tratamiento de datos personales por parte de Rolnet, a trav\u00e9s de la cuenta de correo electr\u00f3nico<span>\u00a0<\/span><a data-auto-recognition=\"true\" href=\"mailto:administracion@rolnet.mx\">administracion@rolnet.mx<\/a>, dicho requerimiento deber\u00e1 contener por lo menos:<\/span><\/p>\n<p class=\"font_8\">\n<ul class=\"font_8 color_11\">\n<li>\n<p class=\"font_8\"><span class=\"color_11\">Nombre completo de persona f\u00edsica o Nombre Fiscal de la empresa como persona moral seg\u00fan sea el caso, y direcci\u00f3n de correo electr\u00f3nico para comunicarle nuestra respuesta a su solicitud.<\/span><\/p>\n<\/li>\n<li>\n<p class=\"font_8\"><span class=\"color_11\">RFC con Homoclave<\/span><\/p>\n<\/li>\n<li>\n<p class=\"font_8\"><span class=\"color_11\">Documentos que acrediten la identidad del Titular y\/o Representante Legal (IFE\/INE\/Pasaporte)<\/span><\/p>\n<\/li>\n<li>\n<p class=\"font_8\"><span class=\"color_11\">En caso de que sea un representante legal quien lo solicite, se deber\u00e1 entregar una Carta Poder firmada ante dos testigos e identificaci\u00f3n de los testigos.<\/span><\/p>\n<\/li>\n<li>\n<p class=\"font_8\"><span class=\"color_11\">Descripci\u00f3n clara y precisa de los datos personales respecto a los que se solicita ejercer<\/span><\/p>\n<\/li>\n<\/ul>\n<p class=\"font_8\"><span class=\"color_11\">alguno de los derechos ARCO.<\/span><\/p>\n<p class=\"font_8\">\n<p class=\"font_8\"><span class=\"color_11\">Rolnet como responsable de la informaci\u00f3n le responder\u00e1 v\u00eda correo electr\u00f3nico en un plazo no mayor a 15 (quince) d\u00edas, a partir de la fecha de recepci\u00f3n de la solicitud, la resoluci\u00f3n a la que se lleg\u00f3, haci\u00e9ndose efectiva la misma dentro de los 10 (diez) d\u00edas h\u00e1biles posteriores a la fecha en que se comunic\u00f3 respuesta. Trat\u00e1ndose de solicitudes de acceso a datos personales, el Responsable proceder\u00e1 a poner a disposici\u00f3n del Titular, v\u00eda correo electr\u00f3nico y previa acreditaci\u00f3n de la identidad del solicitante o del representante legal, seg\u00fan corresponda, los datos solicitados.<\/span><\/p>\n<p class=\"font_8\">\u00a0<\/p>\n<p class=\"font_8\"><span class=\"color_11\">f) Limitaciones del uso y\/o divulgaci\u00f3n de datos personales.<\/span><\/p>\n<p class=\"font_8\">\n<p class=\"font_8\"><span class=\"color_11\">En el caso de que por cualquier situaci\u00f3n Usted requiera limitar el alcance, en todo o en parte el uso y\/o divulgaci\u00f3n de sus datos personales que est\u00e9n en nuestra posesi\u00f3n, el titular deber\u00e1 ponerse en contacto con Rolnet a trav\u00e9s del correo<span>\u00a0<\/span><a data-auto-recognition=\"true\" href=\"mailto:administracion@rolnet.mx\">administracion@rolnet.mx<\/a><span>\u00a0<\/span>con el asunto: SOLICITUD DE LIMITACI\u00d3N O DIVULGACI\u00d3N DE DATOS PERSONALES.<\/span><\/p>\n<p class=\"font_8\">\n<p class=\"font_8\"><span class=\"color_11\">En todo momento los titulares tiene derecho de acudir al IFAI en caso de considerar que ha sido vulnerado su derecho a la protecci\u00f3n de datos personales<\/span><\/p>\n<p class=\"font_8\">\n<p class=\"font_8\"><span class=\"color_11\">Si Usted es Prospecto de Cliente y\/o Cliente y desea dejar de recibir publicidad o promociones de nuestros productos y\/o servicios, puede solicitar su registro en la lista de bloqueo de Rolnet a trav\u00e9s del correo<span>\u00a0<\/span><a data-auto-recognition=\"true\" href=\"mailto:administracion@rolnet.mx\">administracion@rolnet.mx<\/a><\/span><\/p>\n<p class=\"font_8\">\u00a0<\/p>\n<p class=\"font_8\"><span class=\"color_11\">g) Modificaciones al Aviso de Privacidad<\/span><\/p>\n<p class=\"font_8\">\n<p class=\"font_8\"><span class=\"color_11\">El presente Aviso de Privacidad puede sufrir modificaciones, cambios o actualizaciones originadas de requerimientos legales; de nuestras propias necesidades por los productos y\/o servicios que ofrecemos; de nuestras pr\u00e1cticas de privacidad; de cambios en nuestro modelo de negocio, o por otras causas.<\/span><\/p>\n<p class=\"font_8\">\n<p class=\"font_8\"><span class=\"color_11\">En caso de que exista alg\u00fan cambio, nos comprometemos a mantenerlo informado sobre los<\/span><\/p>\n<p class=\"font_8\"><span class=\"color_11\">cambios que pueda sufrir el presente Aviso de Privacidad, mediante su publicaci\u00f3n en nuestra<\/span><\/p>\n<p class=\"font_8\"><span class=\"color_11\">p\u00e1gina de internet (<a data-auto-recognition=\"true\" href=\"https:\/\/www.rolnet.mx\/aviso-de-privacidad)\" target=\"_blank\" rel=\"noopener\">https:\/\/www.rolnet.mx\/aviso-de-privacidad)<\/a><span>\u00a0<\/span>o mediante cualquier otro medio de comunicaci\u00f3n p\u00fablico o privado previsto en los contratos.<\/span><\/p>\n<p class=\"font_8\">\n<p class=\"font_8\"><span class=\"color_11\">Usted manifiesta que los datos personales y datos financieros que son materia del presente Aviso de Privacidad, han sido obtenidos de manera libre, informada, voluntaria e inequ\u00edvoca por lo que desde este momento se entiende que autoriza a que Rolnet lleve a cabo el tratamiento de los mismos en t\u00e9rminos de la Ley y de este Aviso.<\/span><\/p>\n<p class=\"font_8\">\n<p class=\"font_8\"><span class=\"color_11\">Para cualquier asunto relativo al tratamiento de su informaci\u00f3n personal que no haya sido tratado en el presente Aviso de Privacidad Integral, favor de comunicarse con el Responsable, cuyos datos se encuentran al principio del presente documento.<\/span><\/p>\n<p class=\"font_8\">\n<p class=\"font_8\"><span class=\"color_11\">DOC 1.0 REV 001 19\/06\/2019<\/span><\/p>\n<\/div>\n<\/div>\n<div data-mesh-id=\"comp-jxkgb48tinlineContent\" data-testid=\"inline-content\" class=\"\">\n<div data-mesh-id=\"comp-jxkgb48tinlineContent-gridContainer\" data-testid=\"mesh-container-content\">\n<div id=\"comp-jxkgb49a\" class=\"_1Q9if\" data-testid=\"richTextElement\">\n<p class=\"font_8\"><span class=\"wixGuard\">\u200b<\/span><\/p>\n<p class=\"font_8\"><span class=\"wixGuard\">\u200b<\/span><\/p>\n<p class=\"font_8\"><span class=\"color_11\">DOC 1.0 REV 001 01\/07\/2019<\/span><\/p>\n<\/div>\n<\/div>\n<\/div>\n<p>[\/et_pb_text][\/et_pb_column][\/et_pb_row][\/et_pb_section]<\/p>\n","protected":false},"excerpt":{"rendered":"<p>AVISO DE PRIVACIDAD En cumplimiento a lo dispuesto por la Ley Federal de Protecci\u00f3n a los Datos Personales en Posesi\u00f3n de Particulares (LFPDPPP) y su reglamento vigente; mediante este Aviso de Privacidad, Rolnet S.A. de C.V. \u00a0(Rolnet) con domicilio en calle La Tilma #294 Colonia Chapalita Sur de la ciudad de Zapopan, Estado de Jalisco, [&hellip;]<\/p>\n","protected":false},"author":1,"featured_media":0,"parent":0,"menu_order":0,"comment_status":"closed","ping_status":"closed","template":"","meta":{"_et_pb_use_builder":"on","_et_pb_old_content":"","_et_gb_content_width":"","footnotes":""},"class_list":["post-61","page","type-page","status-publish","hentry"],"_links":{"self":[{"href":"https:\/\/rolnet.mx\/index.php\/wp-json\/wp\/v2\/pages\/61","targetHints":{"allow":["GET"]}}],"collection":[{"href":"https:\/\/rolnet.mx\/index.php\/wp-json\/wp\/v2\/pages"}],"about":[{"href":"https:\/\/rolnet.mx\/index.php\/wp-json\/wp\/v2\/types\/page"}],"author":[{"embeddable":true,"href":"https:\/\/rolnet.mx\/index.php\/wp-json\/wp\/v2\/users\/1"}],"replies":[{"embeddable":true,"href":"https:\/\/rolnet.mx\/index.php\/wp-json\/wp\/v2\/comments?post=61"}],"version-history":[{"count":4,"href":"https:\/\/rolnet.mx\/index.php\/wp-json\/wp\/v2\/pages\/61\/revisions"}],"predecessor-version":[{"id":101,"href":"https:\/\/rolnet.mx\/index.php\/wp-json\/wp\/v2\/pages\/61\/revisions\/101"}],"wp:attachment":[{"href":"https:\/\/rolnet.mx\/index.php\/wp-json\/wp\/v2\/media?parent=61"}],"curies":[{"name":"wp","href":"https:\/\/api.w.org\/{rel}","templated":true}]}}