{"id":44,"date":"2022-01-04T01:01:34","date_gmt":"2022-01-04T01:01:34","guid":{"rendered":"https:\/\/rolnet.mx\/?page_id=44"},"modified":"2022-07-07T20:16:21","modified_gmt":"2022-07-07T20:16:21","slug":"quienes-somos","status":"publish","type":"page","link":"https:\/\/rolnet.mx\/index.php\/quienes-somos\/","title":{"rendered":"\u00bfQui\u00e9nes Somos?"},"content":{"rendered":"<p>[et_pb_section fb_built=&#8221;1&#8243; _builder_version=&#8221;4.17.4&#8243; _module_preset=&#8221;default&#8221; hover_enabled=&#8221;0&#8243; global_colors_info=&#8221;{}&#8221; title_text=&#8221;rolnet_img&#8221; background_image=&#8221;https:\/\/rolnet.mx\/wp-content\/uploads\/2022\/07\/rolnet_img.jpg&#8221; sticky_enabled=&#8221;0&#8243; min_height=&#8221;937.6px&#8221; custom_padding=&#8221;||55px|||&#8221;][\/et_pb_section][et_pb_section fb_built=&#8221;1&#8243; theme_builder_area=&#8221;post_content&#8221; _builder_version=&#8221;4.17.4&#8243; _module_preset=&#8221;default&#8221; custom_padding=&#8221;26px||0px|||&#8221;][et_pb_row _builder_version=&#8221;4.16&#8243; _module_preset=&#8221;default&#8221; global_colors_info=&#8221;{}&#8221; theme_builder_area=&#8221;post_content&#8221; custom_padding=&#8221;0px|||||&#8221;][et_pb_column type=&#8221;4_4&#8243; _builder_version=&#8221;4.16&#8243; _module_preset=&#8221;default&#8221; global_colors_info=&#8221;{}&#8221; theme_builder_area=&#8221;post_content&#8221;][et_pb_post_title _builder_version=&#8221;4.17.4&#8243; _module_preset=&#8221;default&#8221; meta=&#8221;off&#8221; featured_image=&#8221;off&#8221; hover_enabled=&#8221;0&#8243; sticky_enabled=&#8221;0&#8243; theme_builder_area=&#8221;post_content&#8221;][\/et_pb_post_title][et_pb_text _builder_version=&#8221;4.17.4&#8243; _module_preset=&#8221;default&#8221; hover_enabled=&#8221;0&#8243; sticky_enabled=&#8221;0&#8243; theme_builder_area=&#8221;post_content&#8221;]<\/p>\n<p><span>Somos un grupo de expertos en tecnolog\u00edas con m\u00e1s de 20 a\u00f1os de experiencia en Mexico. Nuestro equipo cuenta con personal capacitado y experimentado para resolver problemas de todo tipo as\u00ed como realizar instalaciones de gran complejidad y con las mejores marcas del mercado.<\/span><\/p>\n<p>Te invitamos a que nos contactes para darte mas informaci\u00f3n sobre lo que hacemos.<\/p>\n<p>[\/et_pb_text][\/et_pb_column][\/et_pb_row][\/et_pb_section]<\/p>\n","protected":false},"excerpt":{"rendered":"<p>Somos un grupo de expertos en tecnolog\u00edas con m\u00e1s de 20 a\u00f1os de experiencia en Mexico. Nuestro equipo cuenta con personal capacitado y experimentado para resolver problemas de todo tipo as\u00ed como realizar instalaciones de gran complejidad y con las mejores marcas del mercado. Te invitamos a que nos contactes para darte mas informaci\u00f3n sobre [&hellip;]<\/p>\n","protected":false},"author":1,"featured_media":0,"parent":0,"menu_order":0,"comment_status":"closed","ping_status":"closed","template":"","meta":{"_et_pb_use_builder":"on","_et_pb_old_content":"","_et_gb_content_width":"","footnotes":""},"class_list":["post-44","page","type-page","status-publish","hentry"],"_links":{"self":[{"href":"https:\/\/rolnet.mx\/index.php\/wp-json\/wp\/v2\/pages\/44","targetHints":{"allow":["GET"]}}],"collection":[{"href":"https:\/\/rolnet.mx\/index.php\/wp-json\/wp\/v2\/pages"}],"about":[{"href":"https:\/\/rolnet.mx\/index.php\/wp-json\/wp\/v2\/types\/page"}],"author":[{"embeddable":true,"href":"https:\/\/rolnet.mx\/index.php\/wp-json\/wp\/v2\/users\/1"}],"replies":[{"embeddable":true,"href":"https:\/\/rolnet.mx\/index.php\/wp-json\/wp\/v2\/comments?post=44"}],"version-history":[{"count":7,"href":"https:\/\/rolnet.mx\/index.php\/wp-json\/wp\/v2\/pages\/44\/revisions"}],"predecessor-version":[{"id":110,"href":"https:\/\/rolnet.mx\/index.php\/wp-json\/wp\/v2\/pages\/44\/revisions\/110"}],"wp:attachment":[{"href":"https:\/\/rolnet.mx\/index.php\/wp-json\/wp\/v2\/media?parent=44"}],"curies":[{"name":"wp","href":"https:\/\/api.w.org\/{rel}","templated":true}]}}